{"id":2,"date":"2006-09-03T01:42:49","date_gmt":"2006-09-02T23:42:49","guid":{"rendered":""},"modified":"2011-09-01T12:06:20","modified_gmt":"2011-09-01T10:06:20","slug":"about","status":"publish","type":"page","link":"https:\/\/www.festivalhopper.de\/news\/about\/","title":{"rendered":"\u00dcber Festivalhopper News"},"content":{"rendered":"<p><strong>Herzlich Willkommen zum Festivalhopper NewsBlog.<\/strong><\/p>\n<p>Hier erscheinen alle wichtigen News zu den Festivals, die bei Festivalhopper eingetragen sind. Zum einem Teil kommen die News durch Newsletter und Pressemeldungen der Veranstalter zustande aber auch eigene Recherchen, Berichte und Ger\u00fcchte in anderen Blogs werden dabei zu Rate gezogen.<\/p>\n<p>F\u00fcr die Veranstalter der bei uns eingetragenen Festivals bieten wir einen besonderen Service an. <strong>Jeder Veranstalter kann hier kostenlos News zu seinem Festival ver\u00f6ffentlichen<\/strong> oder auch Hinweise zu festival\u00e4hnlichen Veranstaltungen (Konzerte, Band Tourdaten, Kneipenfestivals usw&#8230;) geben. Dabei k\u00f6nnen auch Bilder, relevante Links und sonstige wichtige Infos zu den Festivals und Veranstaltungen mit eingebunden werden.<\/p>\n<p><a href=\"https:\/\/www.festivalhopper.de\/news\/wp-login.php?registration=disabled\">Hier gehts zu Registrierung<\/a>.<\/p>\n<p>Nach Erhalt der Logindaten (per Mail) geht es <a href=\"https:\/\/www.festivalhopper.de\/news\/wp-login.php\">hier zum Login<\/a>.<\/p>\n<p>Dort k\u00f6nnen die News dann unter &#8222;Schreiben&#8220; verfasst werden und mit &#8222;Ver\u00f6ffentlichen&#8220; zur Ver\u00f6ffentlichung freigegeben werden. <strong>Die News werden dann von uns \u00fcberpr\u00fcft, korrigiert, eventuell erg\u00e4nzt und freigeschalten.<\/strong><\/p>\n<p>Wer Fragen, Anmerkungen oder Verbesserungsvorschl\u00e4ge hat, kann die gern hier in den Kommentaren loswerden \ud83d\ude42<\/p>","protected":false},"excerpt":{"rendered":"<p>Herzlich Willkommen zum Festivalhopper NewsBlog. Hier erscheinen alle wichtigen News zu den Festivals, die bei Festivalhopper eingetragen sind. Zum einem Teil kommen die News durch Newsletter und Pressemeldungen der Veranstalter zustande aber auch eigene Recherchen, Berichte und Ger\u00fcchte in anderen Blogs werden dabei zu Rate gezogen. F\u00fcr die Veranstalter der bei uns eingetragenen Festivals bieten [&hellip;]<\/p>\n","protected":false},"author":1,"featured_media":0,"parent":0,"menu_order":0,"comment_status":"open","ping_status":"open","template":"","meta":{"footnotes":""},"class_list":["post-2","page","type-page","status-publish","hentry"],"_links":{"self":[{"href":"https:\/\/www.festivalhopper.de\/news\/wp-json\/wp\/v2\/pages\/2","targetHints":{"allow":["GET"]}}],"collection":[{"href":"https:\/\/www.festivalhopper.de\/news\/wp-json\/wp\/v2\/pages"}],"about":[{"href":"https:\/\/www.festivalhopper.de\/news\/wp-json\/wp\/v2\/types\/page"}],"author":[{"embeddable":true,"href":"https:\/\/www.festivalhopper.de\/news\/wp-json\/wp\/v2\/users\/1"}],"replies":[{"embeddable":true,"href":"https:\/\/www.festivalhopper.de\/news\/wp-json\/wp\/v2\/comments?post=2"}],"version-history":[{"count":2,"href":"https:\/\/www.festivalhopper.de\/news\/wp-json\/wp\/v2\/pages\/2\/revisions"}],"predecessor-version":[{"id":138877,"href":"https:\/\/www.festivalhopper.de\/news\/wp-json\/wp\/v2\/pages\/2\/revisions\/138877"}],"wp:attachment":[{"href":"https:\/\/www.festivalhopper.de\/news\/wp-json\/wp\/v2\/media?parent=2"}],"curies":[{"name":"wp","href":"https:\/\/api.w.org\/{rel}","templated":true}]}}