{"id":119840,"date":"2017-09-20T00:22:07","date_gmt":"2017-09-19T22:22:07","guid":{"rendered":"https:\/\/www.festivalhopper.de\/news\/?page_id=119840"},"modified":"2017-11-30T20:26:04","modified_gmt":"2017-11-30T19:26:04","slug":"welcher-festival-typ-bist-du","status":"publish","type":"page","link":"https:\/\/www.festivalhopper.de\/news\/welcher-festival-typ-bist-du\/","title":{"rendered":"Welcher Festival-Typ bist du?"},"content":{"rendered":"<p><a href=\"https:\/\/www.festivalhopper.de\/news\/wp-content\/uploads\/2017\/09\/festival-lollapalooza-2017-0672.jpg\"><img loading=\"lazy\" decoding=\"async\" class=\"alignleft size-medium wp-image-119636\" src=\"https:\/\/www.festivalhopper.de\/news\/wp-content\/uploads\/2017\/09\/festival-lollapalooza-2017-0672-300x200.jpg\" alt=\"\" width=\"300\" height=\"200\" srcset=\"https:\/\/www.festivalhopper.de\/news\/wp-content\/uploads\/2017\/09\/festival-lollapalooza-2017-0672-300x200.jpg 300w, https:\/\/www.festivalhopper.de\/news\/wp-content\/uploads\/2017\/09\/festival-lollapalooza-2017-0672-768x512.jpg 768w, https:\/\/www.festivalhopper.de\/news\/wp-content\/uploads\/2017\/09\/festival-lollapalooza-2017-0672.jpg 1024w\" sizes=\"auto, (max-width: 300px) 100vw, 300px\" \/><\/a><strong>Festivals sind nichts f\u00fcr dich? Zu laut, zu voll, zu dreckig?<\/strong><\/p>\n<p>Wenn du bisher noch nicht so richtig verstanden hast, warum alle deine Freunde von einem Festival zum n\u00e4chsten pilgern, k\u00f6nnte das daran liegen, dass du das richtige Festival bisher noch nicht gefunden hast. Vielleicht m\u00f6chtest du Festivals doch noch eine Chance geben und <a href=\"https:\/\/www.festivalhopper.de\/festival\/tickets.php\">hier schnell Tickets f\u00fcr die letzten Festivals des Jahres kaufen<\/a>.<\/p>\n<p><strong>Dazu solltest du aber erst einmal wissen,<br \/>\nzu welchem Typ Festivalg\u00e4nger du geh\u00f6rst!<\/strong><\/p>\n<h4>Der Hardcore-Fan<\/h4>\n<p><a href=\"https:\/\/www.festivalhopper.de\/news\/wp-content\/uploads\/2015\/05\/fans-RockImRevier-7784.jpg\"><img loading=\"lazy\" decoding=\"async\" class=\"alignright wp-image-101827 size-medium\" src=\"https:\/\/www.festivalhopper.de\/news\/wp-content\/uploads\/2015\/05\/fans-RockImRevier-7784-300x200.jpg\" alt=\"\" width=\"300\" height=\"200\" srcset=\"https:\/\/www.festivalhopper.de\/news\/wp-content\/uploads\/2015\/05\/fans-RockImRevier-7784-300x200.jpg 300w, https:\/\/www.festivalhopper.de\/news\/wp-content\/uploads\/2015\/05\/fans-RockImRevier-7784.jpg 1024w\" sizes=\"auto, (max-width: 300px) 100vw, 300px\" \/><\/a>Du liebt nur eine einzige Musikrichtung und alles andere verdient definitiv nicht den Namen Musik? Dann ist es nur logisch, dass die gro\u00dfen Mainstream-Festivals wie das <a href=\"https:\/\/www.festivalhopper.de\/festival\/lollapalooza-berlin-2018\">Lollapalooza<\/a> nicht deine Sache sind. Doch es gibt garantiert auch f\u00fcr deinen Geschmack die passende Veranstaltung: <a href=\"https:\/\/www.festivalhopper.de\/festivals\/genre\/\">ob Hardcore-Techno, Metal, Weltmusik, Ska oder Goa<\/a> \u2013 finde bei Festivalhopper heraus, wo du auf Gleichgesinnte treffen kannst.<\/p>\n<h4>Die kulturell Interessierten<\/h4>\n<p>Ein Festival l\u00e4sst sich deiner Meinung nach hervorragend mit einer Reise verbinden? Dann sind Festivals im Ausland genau richtig f\u00fcr dich. Am besten ist es, wenn diese auf einer sonnigen Insel wie Mallorca stattfinden &#8211; das <a href=\"https:\/\/mallorcalivefestival.com\/en\/\">Mallorca Live Festival<\/a> zum Beispiel. Mit dem hier vorab reservierten Mietwagen f\u00e4hrst du ganz bequem von deinem Hotel aus zum Festivalort und genie\u00dft deine Lieblingsband sowie die ausgelassene Stimmung auf deiner Lieblingsinsel.<\/p>\n<h4>Die Einhorn-Glitzer-Frau<\/h4>\n<p><a href=\"https:\/\/www.festivalhopper.de\/news\/wp-content\/uploads\/2013\/08\/aerophilia13-gl\u00fccksmusen.jpg\"><img loading=\"lazy\" decoding=\"async\" class=\"alignleft wp-image-85166 size-medium\" src=\"https:\/\/www.festivalhopper.de\/news\/wp-content\/uploads\/2013\/08\/aerophilia13-gl\u00fccksmusen-300x200.jpg\" alt=\"\" width=\"300\" height=\"200\" srcset=\"https:\/\/www.festivalhopper.de\/news\/wp-content\/uploads\/2013\/08\/aerophilia13-gl\u00fccksmusen-300x200.jpg 300w, https:\/\/www.festivalhopper.de\/news\/wp-content\/uploads\/2013\/08\/aerophilia13-gl\u00fccksmusen.jpg 1024w\" sizes=\"auto, (max-width: 300px) 100vw, 300px\" \/><\/a>Was ein Fanzine ist, wei\u00dft du nicht, daf\u00fcr gibst du eine Menge auf die Meinung deines Lieblings-Youtubers? Dann solltest du dir die neuen <a href=\"https:\/\/www.festivalhopper.de\/festivals\/genre\/pop\">Popfestivals<\/a> nicht entgehen lassen, die seit einigen Jahren wie Pilze aus dem Boden schie\u00dfen.<\/p>\n<p>Glitzerstaub in die Haare streuen, goldenes Tattoo auf die Wange kleben und einen selbstgebastelten Tanzstab in die Hand nehmen \u2013 schon ist dein Festivaloutfit zusammengestellt. Vergiss das Smartphone nicht, mit dem du deinen gro\u00dfen Auftritt oder den der Acts f\u00fcr die Ewigkeit dokumentieren kannst.<\/p>\n<h4>Die Junggebliebenen<\/h4>\n<p><a href=\"https:\/\/www.festivalhopper.de\/news\/wp-content\/uploads\/2015\/08\/Camping-Van-Haldern-Pop.jpg\"><img loading=\"lazy\" decoding=\"async\" class=\"alignright size-medium wp-image-106472\" src=\"https:\/\/www.festivalhopper.de\/news\/wp-content\/uploads\/2015\/08\/Camping-Van-Haldern-Pop-225x300.jpg\" alt=\"\" width=\"225\" height=\"300\" srcset=\"https:\/\/www.festivalhopper.de\/news\/wp-content\/uploads\/2015\/08\/Camping-Van-Haldern-Pop-225x300.jpg 225w, https:\/\/www.festivalhopper.de\/news\/wp-content\/uploads\/2015\/08\/Camping-Van-Haldern-Pop.jpg 768w\" sizes=\"auto, (max-width: 225px) 100vw, 225px\" \/><\/a>Die Junggebliebenen sind zwischen Mitte drei\u00dfig und f\u00fcnfzig und m\u00f6chten mit aller Macht an den Ritualen ihrer Jugend festhalten. Oft reisen sie mit Frau und Kindern zum Festival. Wenn sie sich Glamping, das <a href=\"https:\/\/www.festivalhopper.de\/news\/2013\/06\/05\/mein-zelt-steht-schon\/\">Schlafen im vorab aufgebauten Luxuszelt<\/a>, nicht leisten k\u00f6nnen, leihen sie einen Wohnwagen aus. Musikalisch haben sie eine feste Meinung, sind aber auch offen f\u00fcr Neues. Am besten sind die Junggebliebenen auf <a href=\"https:\/\/www.festivalhopper.de\/festival\/a-summers-tale-2017\">explizit familienfreundlichen Festivals<\/a> aufgehoben, da sie hier nie das Gef\u00fchl haben, zu alt zum Feiern zu sein. Wenn du babybedingt ein paar Jahre lang nicht mehr auf einem Festival warst, <a href=\"https:\/\/www.tk.de\/techniker\/gesundheit-foerdern\/reisen\/entspannt-in-den-urlaub\/reisevorbereitung-checklisten-2007292\">dann hilft dir vielleicht diese Packliste<\/a>.<\/p>\n<h4>Die Politischen<\/h4>\n<p>Bist du einE echte AktivistIn und m\u00f6chtest auf Festivals lernen, wie du den Klimawandel aufhalten kannst oder soziale Projekte unterst\u00fctzen kanns? Dann gibt es eine Menge Festivals f\u00fcr dich, auf denen du im Kollektiv Transparente bemalen oder barfu\u00df f\u00fcr den Frieden tanzen kannst. Wenn du im Timetable mehr Workshops als Bands findest, dann bist du genau richtig.<\/p>\n<p><strong>Ganz gleich, zu welchem Typ du geh\u00f6rst \u2013 hier bei Festivalhopper findest du das richtige Festival f\u00fcr deinen Geschmack! <a href=\"https:\/\/www.festivalhopper.de\/festivals-2026.php\">Was soll es f\u00fcr dich denn sein<\/a>?<\/strong><\/p>\n<p>&nbsp;<\/p>","protected":false},"excerpt":{"rendered":"<p>Festivals sind nichts f\u00fcr dich? Zu laut, zu voll, zu dreckig? Wenn du bisher noch nicht so richtig verstanden hast, warum alle deine Freunde von einem Festival zum n\u00e4chsten pilgern, k\u00f6nnte das daran liegen, dass du das richtige Festival bisher noch nicht gefunden hast. Vielleicht m\u00f6chtest du Festivals doch noch eine Chance geben und hier [&hellip;]<\/p>\n","protected":false},"author":1,"featured_media":0,"parent":0,"menu_order":0,"comment_status":"closed","ping_status":"closed","template":"","meta":{"footnotes":""},"class_list":["post-119840","page","type-page","status-publish","hentry"],"_links":{"self":[{"href":"https:\/\/www.festivalhopper.de\/news\/wp-json\/wp\/v2\/pages\/119840","targetHints":{"allow":["GET"]}}],"collection":[{"href":"https:\/\/www.festivalhopper.de\/news\/wp-json\/wp\/v2\/pages"}],"about":[{"href":"https:\/\/www.festivalhopper.de\/news\/wp-json\/wp\/v2\/types\/page"}],"author":[{"embeddable":true,"href":"https:\/\/www.festivalhopper.de\/news\/wp-json\/wp\/v2\/users\/1"}],"replies":[{"embeddable":true,"href":"https:\/\/www.festivalhopper.de\/news\/wp-json\/wp\/v2\/comments?post=119840"}],"version-history":[{"count":5,"href":"https:\/\/www.festivalhopper.de\/news\/wp-json\/wp\/v2\/pages\/119840\/revisions"}],"predecessor-version":[{"id":138879,"href":"https:\/\/www.festivalhopper.de\/news\/wp-json\/wp\/v2\/pages\/119840\/revisions\/138879"}],"wp:attachment":[{"href":"https:\/\/www.festivalhopper.de\/news\/wp-json\/wp\/v2\/media?parent=119840"}],"curies":[{"name":"wp","href":"https:\/\/api.w.org\/{rel}","templated":true}]}}