{"id":114415,"date":"2016-10-06T01:29:09","date_gmt":"2016-10-05T23:29:09","guid":{"rendered":"http:\/\/www.festivalhopper.de\/news\/?page_id=114415"},"modified":"2016-10-06T01:29:09","modified_gmt":"2016-10-05T23:29:09","slug":"boho-chic-beliebteste-festival-look","status":"publish","type":"page","link":"https:\/\/www.festivalhopper.de\/news\/boho-chic-beliebteste-festival-look\/","title":{"rendered":"Boho Chic \u2013 der beliebteste Festival-Look"},"content":{"rendered":"<p><em><a href=\"https:\/\/www.festivalhopper.de\/news\/wp-content\/uploads\/2014\/06\/Southside-Freitag-Crowd-114.jpg\"><img loading=\"lazy\" decoding=\"async\" class=\"alignright size-medium wp-image-93314\" src=\"https:\/\/www.festivalhopper.de\/news\/wp-content\/uploads\/2014\/06\/Southside-Freitag-Crowd-114-200x300.jpg\" alt=\"Southside-Freitag-Crowd-114\" width=\"200\" height=\"300\" srcset=\"https:\/\/www.festivalhopper.de\/news\/wp-content\/uploads\/2014\/06\/Southside-Freitag-Crowd-114-200x300.jpg 200w, https:\/\/www.festivalhopper.de\/news\/wp-content\/uploads\/2014\/06\/Southside-Freitag-Crowd-114-682x1024.jpg 682w, https:\/\/www.festivalhopper.de\/news\/wp-content\/uploads\/2014\/06\/Southside-Freitag-Crowd-114.jpg 1632w\" sizes=\"auto, (max-width: 200px) 100vw, 200px\" \/><\/a>Der Bohemien Style \u2013 kurz Boho oder auch Boho Chic genannt \u2013 ist ein wahrer modischer Dauerbrenner. Besonders als Festivalstyle ist der Look beliebt wie nie. Aber was versteht man eigentlich genau unter Boho?<\/em><\/p>\n<p>Boho ist die Kurzform des franz\u00f6sischen Wortes \u201eBoh\u00e8me\u201c. In <a href=\"https:\/\/www.festivalhopper.de\/festivals\/international\/frankreich\">Frankreich<\/a> werden so seit dem fr\u00fchen 20. Jahrhundert Intellektuelle, K\u00fcnstler und Freigeister bezeichnet, die zwar selbst meist aus b\u00fcrgerlichen Verh\u00e4ltnissen stammen und eine hohe Bildung genossen haben, sich aber in ihrem legeren Lebenswandel vehement gegen das spie\u00dfige B\u00fcrgertum abgrenzen \u2013 unter anderem durch ihren exzentrischen Modestil. Urspr\u00fcnglich geht das Wort noch weiter zur\u00fcck, n\u00e4mlich auf das fahrende Volk der Sinti und Roma aus B\u00f6hmen. Beide Herleitungen fassen zusammen, wof\u00fcr der Begriff auch heute noch steht: f\u00fcr einen exzentrischen, unkonventionellen Modemix, der die individuelle Selbstverwirklichung \u00fcber gesellschaftliche Konventionen stellt. Das macht den Style nat\u00fcrlich zu einem idealen Festival-Look.<\/p>\n<h2>Der Boho Chic \u2013 ein Kind der 68er<\/h2>\n<p>Eine der strahlendsten Vorreiterinnen des Boho-Stils ist sicherlich Picassos Muse Dora Maar, die sich mit langen persischen Gew\u00e4ndern und Federn schm\u00fcckte und den Maler mit ihren ausgefallenen und theatralischen Looks begeisterte. Auch Romy Schneider kann als fr\u00fche Vertreterin des Boho Chic gelten. Doch zu einem modischen Massenph\u00e4nomen wurde das Ganze erst mit der Hippiebewegung der 60er- und 70er-Jahre, die den Individualismus feierte und die westliche Popkultur f\u00fcr Ethno-Einfl\u00fcsse aus Asien und Lateinamerika \u00f6ffnete.<\/p>\n<h2>Aus Retro mach Boho<\/h2>\n<p><a href=\"https:\/\/www.festivalhopper.de\/news\/wp-content\/uploads\/2015\/01\/Coachella-2014-People-1971.jpg\"><img loading=\"lazy\" decoding=\"async\" class=\"alignright size-medium wp-image-99553\" src=\"https:\/\/www.festivalhopper.de\/news\/wp-content\/uploads\/2015\/01\/Coachella-2014-People-1971-300x213.jpg\" alt=\"Coachella-2014-People-1971\" width=\"300\" height=\"213\" srcset=\"https:\/\/www.festivalhopper.de\/news\/wp-content\/uploads\/2015\/01\/Coachella-2014-People-1971-300x213.jpg 300w, https:\/\/www.festivalhopper.de\/news\/wp-content\/uploads\/2015\/01\/Coachella-2014-People-1971.jpg 1024w\" sizes=\"auto, (max-width: 300px) 100vw, 300px\" \/><\/a>Der Boho ist ein wilder Stilmix, der man kaum klar abgrenzen kann. Die Hauptzutaten sind aber ornamentale Ethno-Elemente, die manchmal eine fast orientalische Anmutung haben k\u00f6nnen, fr\u00f6hlich-verspielte Hippie-Styles, Ankl\u00e4nge aus der Gipsy-Kultur, mit Mut zu Farbkontrast und Mustermix, sowie selbstbewusst rockige Fashion-Items. Wichtig beim Boho Chic ist dabei immer, die verschiedenen Stilelemente mit einem Hauch von Dekadenz und Luxus zu kombinieren:<\/p>\n<p><strong>Der Bohemian Style ist nichts f\u00fcr Mauerbl\u00fcmchen, sondern eher f\u00fcr Drama-Queens, die einen starken Auftritt zu sch\u00e4tzen wissen<\/strong>. Dar\u00fcber hinaus ist vieles, ja sogar fast alles erlaubt, denn der Bohemian Style zeichnet sich dadurch aus, dass er bestehende Stile mit Leichtigkeit aufnimmt und zu individuellen und exzentrischen Looks kombiniert.<\/p>\n<p>Feminine Bl\u00fcmchenblusen und hippieske Schlaghosen geh\u00f6ren genauso zum Boho-Repertoire wie wild gemusterte Oversized-Kleider und volumin\u00f6se Pelzm\u00e4ntel, schwarze Working Boots genauso wie golden glitzernde Sandaletten. Die Haare werden bevorzugt zu langen Z\u00f6pfen geflochten oder mit kunstvollen Blumenkr\u00e4nzen, Federn und Spangen hochgesteckt.<\/p>\n<h2>Sienna Miller und der Nullerjahre-Boho<\/h2>\n<p>Anfang der Nullerjahre kam dann die vorerst letzte gro\u00dfe Boho-Trendwelle auf und machte die Mode besonders als Festivalstyle popul\u00e4r. <strong>Das verdankt sich zu einem Gro\u00dfteil der Schauspielerin und Modedesignerin Sienna Miller, die dem neuen Boho Chic durch einen legend\u00e4ren Auftritt auf dem Gatsbury Fastival 2004 zu enormer Popularit\u00e4t verhalf.<\/strong> Die frische Belebung des Styles nahm im Londoner Stadtteil North Kensington ihren Lauf, in dem Sienna Miller damals lebte. In Anlehnung an die Trendsetterin wurden die Anh\u00e4nger des Bohemian Styles, der bis 2005 ganz London erfasst hatte, in der Presse auch \u201eSiennas\u201c genannt. Ihr Einfluss war zeitweise so gro\u00df, dass ihre Bevorzugung von fu\u00dflosen Strumpfhosen und Leggins zu einer Halbierung der Verk\u00e4ufe von Kniestr\u00fcmpfen in Gro\u00dfbritannien f\u00fchrten.<\/p>\n<h2>Der Bohemian Style erobert die Welt<\/h2>\n<p><a href=\"https:\/\/www.festivalhopper.de\/news\/wp-content\/uploads\/2010\/08\/sziget-publikum.jpg\"><img loading=\"lazy\" decoding=\"async\" class=\"alignright size-medium wp-image-32676\" src=\"https:\/\/www.festivalhopper.de\/news\/wp-content\/uploads\/2010\/08\/sziget-publikum-200x300.jpg\" alt=\"sziget-publikum\" width=\"200\" height=\"300\" srcset=\"https:\/\/www.festivalhopper.de\/news\/wp-content\/uploads\/2010\/08\/sziget-publikum-200x300.jpg 200w, https:\/\/www.festivalhopper.de\/news\/wp-content\/uploads\/2010\/08\/sziget-publikum.jpg 683w\" sizes=\"auto, (max-width: 200px) 100vw, 200px\" \/><\/a>Der neue Boho Chic, der sich von London rasend schnell in den USA und Europa ausbreitete, ist urbaner geworden und hat nur noch wenig mit Strandurlaub auf Ibiza oder der 70er-jahre Hippienostalgie ala Woodstock gemeinsam. Dennoch wird er von vielen bevorzugt auf Festivals getragen, wo man sich gerne ausgelassen, lebensbejahend und exzentrische gibt, w\u00e4hrend man sich im Alltag vielleicht lieber etwas bedeckter kleidet. Der Boho Chic ist l\u00e4ngst keine Ausnahmeerscheinung mehr, sondern zu einem festen Bestandteil der Modewelt geworden. <strong>Gro\u00dfe Fashion Labels wie <a href=\"https:\/\/www.street-one.de\/\">Street One<\/a> bieten ganz selbstverst\u00e4ndlich eine eigene Abteilung mit Boho Styles an, und aus Hollywood ist der Trend ohnehin nicht mehr wegzudenken<\/strong>, ganz zu schweigen von den gro\u00dfen Modeschauen von New York bis Paris.<\/p>\n<p>Einen tollen Eindruck, wie vielf\u00e4ltig der Modetrend heute rund um den Globus ausgelebt wird, kann man bekommen, wenn man <a href=\"https:\/\/www.pinterest.com\/ideas\/boho-chic-style\/944055894900\/\">Boho Chic bei Pinterest<\/a> eingibt. Wer Inspiration f\u00fcr seinen n\u00e4chsten Festival-Loook sucht, wird hier garantiert f\u00fcndig.<\/p>","protected":false},"excerpt":{"rendered":"<p>Der Bohemien Style \u2013 kurz Boho oder auch Boho Chic genannt \u2013 ist ein wahrer modischer Dauerbrenner. Besonders als Festivalstyle ist der Look beliebt wie nie. Aber was versteht man eigentlich genau unter Boho? Boho ist die Kurzform des franz\u00f6sischen Wortes \u201eBoh\u00e8me\u201c. In Frankreich werden so seit dem fr\u00fchen 20. Jahrhundert Intellektuelle, K\u00fcnstler und Freigeister [&hellip;]<\/p>\n","protected":false},"author":1,"featured_media":0,"parent":0,"menu_order":0,"comment_status":"closed","ping_status":"closed","template":"","meta":{"footnotes":""},"class_list":["post-114415","page","type-page","status-publish","hentry"],"_links":{"self":[{"href":"https:\/\/www.festivalhopper.de\/news\/wp-json\/wp\/v2\/pages\/114415","targetHints":{"allow":["GET"]}}],"collection":[{"href":"https:\/\/www.festivalhopper.de\/news\/wp-json\/wp\/v2\/pages"}],"about":[{"href":"https:\/\/www.festivalhopper.de\/news\/wp-json\/wp\/v2\/types\/page"}],"author":[{"embeddable":true,"href":"https:\/\/www.festivalhopper.de\/news\/wp-json\/wp\/v2\/users\/1"}],"replies":[{"embeddable":true,"href":"https:\/\/www.festivalhopper.de\/news\/wp-json\/wp\/v2\/comments?post=114415"}],"version-history":[{"count":5,"href":"https:\/\/www.festivalhopper.de\/news\/wp-json\/wp\/v2\/pages\/114415\/revisions"}],"predecessor-version":[{"id":139178,"href":"https:\/\/www.festivalhopper.de\/news\/wp-json\/wp\/v2\/pages\/114415\/revisions\/139178"}],"wp:attachment":[{"href":"https:\/\/www.festivalhopper.de\/news\/wp-json\/wp\/v2\/media?parent=114415"}],"curies":[{"name":"wp","href":"https:\/\/api.w.org\/{rel}","templated":true}]}}